{"id":13358,"date":"2026-02-10T01:35:46","date_gmt":"2026-02-10T01:35:46","guid":{"rendered":"https:\/\/easeonline.shop\/?post_type=product&#038;p=13358"},"modified":"2026-02-10T01:40:48","modified_gmt":"2026-02-10T01:40:48","slug":"kimia-pack-premium-2-en-1-detergente-summer-dreams-suavizante-milkshake-2x5-l","status":"publish","type":"product","link":"https:\/\/easeonline.shop\/es\/producto\/kimia-pack-premium-2-en-1-detergente-summer-dreams-suavizante-milkshake-2x5-l\/","title":{"rendered":"KIMIA | Pack Premium 2-en-1 Detergente Sue\u00f1os de Verano + Batido Suavizante - 2\u00d75 L"},"content":{"rendered":"<div data-elementor-type=\"product-post\" data-elementor-id=\"13358\" class=\"elementor elementor-13358\" data-elementor-post-type=\"product\">\n\t\t\t\t<div class=\"elementor-element elementor-element-7f2dc010 e-flex e-con-boxed e-con e-parent\" data-id=\"7f2dc010\" data-element_type=\"container\" data-settings=\"{&quot;ekit_has_onepagescroll_dot&quot;:&quot;yes&quot;}\">\n\t\t\t\t\t<div class=\"e-con-inner\">\n\t\t\t\t<div class=\"elementor-element elementor-element-241279dc elementor-widget elementor-widget-image\" data-id=\"241279dc\" data-element_type=\"widget\" data-settings=\"{&quot;ekit_we_effect_on&quot;:&quot;none&quot;}\" data-widget_type=\"image.default\">\n\t\t\t\t<div class=\"elementor-widget-container\">\n\t\t\t\t\t\t\t\t\t\t\t\t\t\t\t<img loading=\"lazy\" decoding=\"async\" width=\"720\" height=\"720\" src=\"https:\/\/easeonline.shop\/wp-content\/uploads\/2026\/02\/KIMIA-Pack-Premium-2-en-1-Detergente-Summer-Dreams-Suavizante-Milkshake-2x5-L-6-1.webp\" class=\"attachment-full size-full wp-image-13370 wvs-archive-product-image\" alt=\"\" srcset=\"https:\/\/easeonline.shop\/wp-content\/uploads\/2026\/02\/KIMIA-Pack-Premium-2-en-1-Detergente-Summer-Dreams-Suavizante-Milkshake-2x5-L-6-1.webp 720w, https:\/\/easeonline.shop\/wp-content\/uploads\/2026\/02\/KIMIA-Pack-Premium-2-en-1-Detergente-Summer-Dreams-Suavizante-Milkshake-2x5-L-6-1-300x300.webp 300w, https:\/\/easeonline.shop\/wp-content\/uploads\/2026\/02\/KIMIA-Pack-Premium-2-en-1-Detergente-Summer-Dreams-Suavizante-Milkshake-2x5-L-6-1-150x150.webp 150w, https:\/\/easeonline.shop\/wp-content\/uploads\/2026\/02\/KIMIA-Pack-Premium-2-en-1-Detergente-Summer-Dreams-Suavizante-Milkshake-2x5-L-6-1-12x12.webp 12w, https:\/\/easeonline.shop\/wp-content\/uploads\/2026\/02\/KIMIA-Pack-Premium-2-en-1-Detergente-Summer-Dreams-Suavizante-Milkshake-2x5-L-6-1-600x600.webp 600w, https:\/\/easeonline.shop\/wp-content\/uploads\/2026\/02\/KIMIA-Pack-Premium-2-en-1-Detergente-Summer-Dreams-Suavizante-Milkshake-2x5-L-6-1-100x100.webp 100w, https:\/\/easeonline.shop\/wp-content\/uploads\/2026\/02\/KIMIA-Pack-Premium-2-en-1-Detergente-Summer-Dreams-Suavizante-Milkshake-2x5-L-6-1-50x50.webp 50w, https:\/\/easeonline.shop\/wp-content\/uploads\/2026\/02\/KIMIA-Pack-Premium-2-en-1-Detergente-Summer-Dreams-Suavizante-Milkshake-2x5-L-6-1-1x1.webp 1w, https:\/\/easeonline.shop\/wp-content\/uploads\/2026\/02\/KIMIA-Pack-Premium-2-en-1-Detergente-Summer-Dreams-Suavizante-Milkshake-2x5-L-6-1-10x10.webp 10w\" sizes=\"auto, (max-width: 720px) 100vw, 720px\" \/>\t\t\t\t\t\t\t\t\t\t\t\t\t\t\t<\/div>\n\t\t\t\t<\/div>\n\t\t<div class=\"elementor-element elementor-element-1d58b1bd e-grid e-con-full e-con e-child\" data-id=\"1d58b1bd\" data-element_type=\"container\" data-settings=\"{&quot;ekit_has_onepagescroll_dot&quot;:&quot;yes&quot;}\">\n\t\t\t\t<div class=\"elementor-element elementor-element-16a3e566 elementor-widget elementor-widget-text-editor\" data-id=\"16a3e566\" data-element_type=\"widget\" data-settings=\"{&quot;ekit_we_effect_on&quot;:&quot;none&quot;}\" data-widget_type=\"text-editor.default\">\n\t\t\t\t<div class=\"elementor-widget-container\">\n\t\t\t\t\t\t\t\t\t<h2 style=\"text-align: center;\">Kimia Sue\u00f1os de Verano: El detergente que convierte tu ropa en un oasis de verano<\/h2><div style=\"text-align: center;\">\u00a0<\/div><h4 style=\"text-align: center;\">\u00bfAlguna vez has querido que el aroma de un d\u00eda perfecto en la playa, con el sol caliente en tu piel y el aroma de frutas tropicales en el aire, se quede contigo mucho m\u00e1s all\u00e1 del final de las vacaciones? Con el detergente Kimia Summer Dreams, ya no tienes que so\u00f1arlo: lo haces realidad en cada lavado.<\/h4><p>\u00a0<\/p><h4 style=\"text-align: center;\">\u00bfY lo mejor de todo? Cuidamos de tu ropa y del planeta. Nuestra f\u00f3rmula es<strong>\u00a0biodegradable<\/strong>, Por lo que puedes disfrutar de la limpieza y el aroma sin preocuparte por el impacto ambiental. Cada botella de 5L est\u00e1 creada para darte lavados prolongados, con una fragancia gourmet que hace que cada prenda se sienta como nueva, desde tus camisetas de diario hasta tus toallas m\u00e1s suaves.<\/h4><h4 style=\"text-align: center;\">\u00a0<\/h4><h4 style=\"text-align: center;\">No dejes que el verano se acabe. Con Kimia Summer Dreams, cada d\u00eda ser\u00e1 un d\u00eda de playa, cada prenda un recordatorio de la felicidad y la frescura.\u00a0 <strong>A\u00f1ade un toque de verano a tu hogar hoy mismo y haz que cada lavado sea un placer para los sentidos.<\/strong><\/h4>\t\t\t\t\t\t\t\t<\/div>\n\t\t\t\t<\/div>\n\t\t\t\t<div class=\"elementor-element elementor-element-1468163e elementor-widget elementor-widget-image\" data-id=\"1468163e\" data-element_type=\"widget\" data-settings=\"{&quot;ekit_we_effect_on&quot;:&quot;none&quot;}\" data-widget_type=\"image.default\">\n\t\t\t\t<div class=\"elementor-widget-container\">\n\t\t\t\t\t\t\t\t\t\t\t\t\t\t\t<img loading=\"lazy\" decoding=\"async\" width=\"1228\" height=\"1536\" src=\"https:\/\/easeonline.shop\/wp-content\/uploads\/2026\/02\/KIMIA-Pack-Premium-2-en-1-Detergente-Summer-Dreams-Suavizante-Milkshake-2x5-L-10-1.webp\" class=\"attachment-full size-full wp-image-13371 wvs-archive-product-image\" alt=\"\" srcset=\"https:\/\/easeonline.shop\/wp-content\/uploads\/2026\/02\/KIMIA-Pack-Premium-2-en-1-Detergente-Summer-Dreams-Suavizante-Milkshake-2x5-L-10-1.webp 1228w, https:\/\/easeonline.shop\/wp-content\/uploads\/2026\/02\/KIMIA-Pack-Premium-2-en-1-Detergente-Summer-Dreams-Suavizante-Milkshake-2x5-L-10-1-240x300.webp 240w, https:\/\/easeonline.shop\/wp-content\/uploads\/2026\/02\/KIMIA-Pack-Premium-2-en-1-Detergente-Summer-Dreams-Suavizante-Milkshake-2x5-L-10-1-819x1024.webp 819w, https:\/\/easeonline.shop\/wp-content\/uploads\/2026\/02\/KIMIA-Pack-Premium-2-en-1-Detergente-Summer-Dreams-Suavizante-Milkshake-2x5-L-10-1-768x961.webp 768w, https:\/\/easeonline.shop\/wp-content\/uploads\/2026\/02\/KIMIA-Pack-Premium-2-en-1-Detergente-Summer-Dreams-Suavizante-Milkshake-2x5-L-10-1-10x12.webp 10w, https:\/\/easeonline.shop\/wp-content\/uploads\/2026\/02\/KIMIA-Pack-Premium-2-en-1-Detergente-Summer-Dreams-Suavizante-Milkshake-2x5-L-10-1-600x750.webp 600w, https:\/\/easeonline.shop\/wp-content\/uploads\/2026\/02\/KIMIA-Pack-Premium-2-en-1-Detergente-Summer-Dreams-Suavizante-Milkshake-2x5-L-10-1-1x1.webp 1w, https:\/\/easeonline.shop\/wp-content\/uploads\/2026\/02\/KIMIA-Pack-Premium-2-en-1-Detergente-Summer-Dreams-Suavizante-Milkshake-2x5-L-10-1-8x10.webp 8w\" sizes=\"auto, (max-width: 1228px) 100vw, 1228px\" \/>\t\t\t\t\t\t\t\t\t\t\t\t\t\t\t<\/div>\n\t\t\t\t<\/div>\n\t\t\t\t<\/div>\n\t\t<div class=\"elementor-element elementor-element-67b81fb9 e-grid e-con-full e-con e-child\" data-id=\"67b81fb9\" data-element_type=\"container\" data-settings=\"{&quot;ekit_has_onepagescroll_dot&quot;:&quot;yes&quot;}\">\n\t\t\t\t<div class=\"elementor-element elementor-element-514296ad elementor-widget elementor-widget-image\" data-id=\"514296ad\" data-element_type=\"widget\" data-settings=\"{&quot;ekit_we_effect_on&quot;:&quot;none&quot;}\" data-widget_type=\"image.default\">\n\t\t\t\t<div class=\"elementor-widget-container\">\n\t\t\t\t\t\t\t\t\t\t\t\t\t\t\t<img loading=\"lazy\" decoding=\"async\" width=\"1228\" height=\"1536\" src=\"https:\/\/easeonline.shop\/wp-content\/uploads\/2026\/02\/KIMIA-Pack-Premium-2-en-1-Detergente-Summer-Dreams-Suavizante-Milkshake-2x5-L-8-1.webp\" class=\"attachment-full size-full wp-image-13372 wvs-archive-product-image\" alt=\"\" srcset=\"https:\/\/easeonline.shop\/wp-content\/uploads\/2026\/02\/KIMIA-Pack-Premium-2-en-1-Detergente-Summer-Dreams-Suavizante-Milkshake-2x5-L-8-1.webp 1228w, https:\/\/easeonline.shop\/wp-content\/uploads\/2026\/02\/KIMIA-Pack-Premium-2-en-1-Detergente-Summer-Dreams-Suavizante-Milkshake-2x5-L-8-1-240x300.webp 240w, https:\/\/easeonline.shop\/wp-content\/uploads\/2026\/02\/KIMIA-Pack-Premium-2-en-1-Detergente-Summer-Dreams-Suavizante-Milkshake-2x5-L-8-1-819x1024.webp 819w, https:\/\/easeonline.shop\/wp-content\/uploads\/2026\/02\/KIMIA-Pack-Premium-2-en-1-Detergente-Summer-Dreams-Suavizante-Milkshake-2x5-L-8-1-768x961.webp 768w, https:\/\/easeonline.shop\/wp-content\/uploads\/2026\/02\/KIMIA-Pack-Premium-2-en-1-Detergente-Summer-Dreams-Suavizante-Milkshake-2x5-L-8-1-10x12.webp 10w, https:\/\/easeonline.shop\/wp-content\/uploads\/2026\/02\/KIMIA-Pack-Premium-2-en-1-Detergente-Summer-Dreams-Suavizante-Milkshake-2x5-L-8-1-600x750.webp 600w, https:\/\/easeonline.shop\/wp-content\/uploads\/2026\/02\/KIMIA-Pack-Premium-2-en-1-Detergente-Summer-Dreams-Suavizante-Milkshake-2x5-L-8-1-1x1.webp 1w, https:\/\/easeonline.shop\/wp-content\/uploads\/2026\/02\/KIMIA-Pack-Premium-2-en-1-Detergente-Summer-Dreams-Suavizante-Milkshake-2x5-L-8-1-8x10.webp 8w\" sizes=\"auto, (max-width: 1228px) 100vw, 1228px\" \/>\t\t\t\t\t\t\t\t\t\t\t\t\t\t\t<\/div>\n\t\t\t\t<\/div>\n\t\t\t\t<div class=\"elementor-element elementor-element-4551c0e elementor-widget elementor-widget-text-editor\" data-id=\"4551c0e\" data-element_type=\"widget\" data-settings=\"{&quot;ekit_we_effect_on&quot;:&quot;none&quot;}\" data-widget_type=\"text-editor.default\">\n\t\t\t\t<div class=\"elementor-widget-container\">\n\t\t\t\t\t\t\t\t\t<h2 style=\"text-align: center;\">Batido Kimia Suavizante: El capricho que tu ropa se merece<\/h2><div style=\"text-align: center;\">\u00a0<\/div><h4 style=\"text-align: center;\">\u00bfAlguna vez has querido que tu ropa no solo quede suave como la nieve, sino que tambi\u00e9n huela a un postre irresistible, todo el d\u00eda? Con el suavizante Kimia Milkshake, ya no tienes que elegir entre cuidado y aroma: \u00a1lo tienes todo en una sola botella!<\/h4><h4 style=\"text-align: center;\">\u00a0<\/h4><h4 style=\"text-align: center;\">Y no s\u00f3lo cuida de tu ropa, sino que tambi\u00e9n combate los malos olores de ra\u00edz, eliminando cualquier rastro de sudor o humedad para que tus prendas siempre luzcan y huelan como nuevas. Con su formato de 5L, tendr\u00e1s suministro para semanas de lavados, y su f\u00f3rmula respetuosa con las telas garantiza que tus prendas favoritas duren m\u00e1s tiempo.<\/h4><h4 style=\"text-align: center;\">\u00a0<\/h4><h4 style=\"text-align: center;\">\u00a1Date el capricho que te mereces! Con Kimia Suavizante Milkshake, cada lavado se convierte en un placer para los sentidos, y tu ropa se convierte en un abrazo suave y arom\u00e1tico que te acompa\u00f1a en cada momento. <strong>A\u00f1ade un toque de dulzura a tu hogar hoy mismo y haz que cada prenda sea un capricho.<\/strong><\/h4>\t\t\t\t\t\t\t\t<\/div>\n\t\t\t\t<\/div>\n\t\t\t\t<\/div>\n\t\t\t\t<div class=\"elementor-element elementor-element-6e779c84 elementor-widget elementor-widget-image\" data-id=\"6e779c84\" data-element_type=\"widget\" data-settings=\"{&quot;ekit_we_effect_on&quot;:&quot;none&quot;}\" data-widget_type=\"image.default\">\n\t\t\t\t<div class=\"elementor-widget-container\">\n\t\t\t\t\t\t\t\t\t\t\t\t\t\t\t<img loading=\"lazy\" decoding=\"async\" width=\"720\" height=\"720\" src=\"https:\/\/easeonline.shop\/wp-content\/uploads\/2026\/02\/KIMIA-Pack-Premium-2-en-1-Detergente-Summer-Dreams-Suavizante-Milkshake-2x5-L-4-1.webp\" class=\"attachment-full size-full wp-image-13373 wvs-archive-product-image\" alt=\"\" srcset=\"https:\/\/easeonline.shop\/wp-content\/uploads\/2026\/02\/KIMIA-Pack-Premium-2-en-1-Detergente-Summer-Dreams-Suavizante-Milkshake-2x5-L-4-1.webp 720w, https:\/\/easeonline.shop\/wp-content\/uploads\/2026\/02\/KIMIA-Pack-Premium-2-en-1-Detergente-Summer-Dreams-Suavizante-Milkshake-2x5-L-4-1-300x300.webp 300w, https:\/\/easeonline.shop\/wp-content\/uploads\/2026\/02\/KIMIA-Pack-Premium-2-en-1-Detergente-Summer-Dreams-Suavizante-Milkshake-2x5-L-4-1-150x150.webp 150w, https:\/\/easeonline.shop\/wp-content\/uploads\/2026\/02\/KIMIA-Pack-Premium-2-en-1-Detergente-Summer-Dreams-Suavizante-Milkshake-2x5-L-4-1-12x12.webp 12w, https:\/\/easeonline.shop\/wp-content\/uploads\/2026\/02\/KIMIA-Pack-Premium-2-en-1-Detergente-Summer-Dreams-Suavizante-Milkshake-2x5-L-4-1-600x600.webp 600w, https:\/\/easeonline.shop\/wp-content\/uploads\/2026\/02\/KIMIA-Pack-Premium-2-en-1-Detergente-Summer-Dreams-Suavizante-Milkshake-2x5-L-4-1-100x100.webp 100w, https:\/\/easeonline.shop\/wp-content\/uploads\/2026\/02\/KIMIA-Pack-Premium-2-en-1-Detergente-Summer-Dreams-Suavizante-Milkshake-2x5-L-4-1-50x50.webp 50w, https:\/\/easeonline.shop\/wp-content\/uploads\/2026\/02\/KIMIA-Pack-Premium-2-en-1-Detergente-Summer-Dreams-Suavizante-Milkshake-2x5-L-4-1-1x1.webp 1w, https:\/\/easeonline.shop\/wp-content\/uploads\/2026\/02\/KIMIA-Pack-Premium-2-en-1-Detergente-Summer-Dreams-Suavizante-Milkshake-2x5-L-4-1-10x10.webp 10w\" sizes=\"auto, (max-width: 720px) 100vw, 720px\" \/>\t\t\t\t\t\t\t\t\t\t\t\t\t\t\t<\/div>\n\t\t\t\t<\/div>\n\t\t\t\t<div class=\"elementor-element elementor-element-60f6f018 elementor-widget elementor-widget-image\" data-id=\"60f6f018\" data-element_type=\"widget\" data-settings=\"{&quot;ekit_we_effect_on&quot;:&quot;none&quot;}\" data-widget_type=\"image.default\">\n\t\t\t\t<div class=\"elementor-widget-container\">\n\t\t\t\t\t\t\t\t\t\t\t\t\t\t\t<img loading=\"lazy\" decoding=\"async\" width=\"720\" height=\"720\" src=\"https:\/\/easeonline.shop\/wp-content\/uploads\/2026\/02\/KIMIA-Pack-Premium-2-en-1-Detergente-Summer-Dreams-Suavizante-Milkshake-2x5-L-5-1.webp\" class=\"attachment-full size-full wp-image-13374 wvs-archive-product-image\" alt=\"\" srcset=\"https:\/\/easeonline.shop\/wp-content\/uploads\/2026\/02\/KIMIA-Pack-Premium-2-en-1-Detergente-Summer-Dreams-Suavizante-Milkshake-2x5-L-5-1.webp 720w, https:\/\/easeonline.shop\/wp-content\/uploads\/2026\/02\/KIMIA-Pack-Premium-2-en-1-Detergente-Summer-Dreams-Suavizante-Milkshake-2x5-L-5-1-300x300.webp 300w, https:\/\/easeonline.shop\/wp-content\/uploads\/2026\/02\/KIMIA-Pack-Premium-2-en-1-Detergente-Summer-Dreams-Suavizante-Milkshake-2x5-L-5-1-150x150.webp 150w, https:\/\/easeonline.shop\/wp-content\/uploads\/2026\/02\/KIMIA-Pack-Premium-2-en-1-Detergente-Summer-Dreams-Suavizante-Milkshake-2x5-L-5-1-12x12.webp 12w, https:\/\/easeonline.shop\/wp-content\/uploads\/2026\/02\/KIMIA-Pack-Premium-2-en-1-Detergente-Summer-Dreams-Suavizante-Milkshake-2x5-L-5-1-600x600.webp 600w, https:\/\/easeonline.shop\/wp-content\/uploads\/2026\/02\/KIMIA-Pack-Premium-2-en-1-Detergente-Summer-Dreams-Suavizante-Milkshake-2x5-L-5-1-100x100.webp 100w, https:\/\/easeonline.shop\/wp-content\/uploads\/2026\/02\/KIMIA-Pack-Premium-2-en-1-Detergente-Summer-Dreams-Suavizante-Milkshake-2x5-L-5-1-50x50.webp 50w, https:\/\/easeonline.shop\/wp-content\/uploads\/2026\/02\/KIMIA-Pack-Premium-2-en-1-Detergente-Summer-Dreams-Suavizante-Milkshake-2x5-L-5-1-1x1.webp 1w, https:\/\/easeonline.shop\/wp-content\/uploads\/2026\/02\/KIMIA-Pack-Premium-2-en-1-Detergente-Summer-Dreams-Suavizante-Milkshake-2x5-L-5-1-10x10.webp 10w\" sizes=\"auto, (max-width: 720px) 100vw, 720px\" \/>\t\t\t\t\t\t\t\t\t\t\t\t\t\t\t<\/div>\n\t\t\t\t<\/div>\n\t\t\t\t<div class=\"elementor-element elementor-element-1bce895c elementor-widget elementor-widget-text-editor\" data-id=\"1bce895c\" data-element_type=\"widget\" data-settings=\"{&quot;ekit_we_effect_on&quot;:&quot;none&quot;}\" data-widget_type=\"text-editor.default\">\n\t\t\t\t<div class=\"elementor-widget-container\">\n\t\t\t\t\t\t\t\t\t<!DOCTYPE html>\n<html lang=\"en\">\n<head>\n    <meta charset=\"UTF-8\">\n    <meta name=\"viewport\" content=\"width=device-width, initial-scale=1.0\">\n    <title>Technical Details<\/title>\n    <style>\n        .details-table {\n            width: 100%;\n            border-collapse: collapse;\n            font-family: Arial, sans-serif;\n        }\n        .details-table tr {\n            border-bottom: 1px solid #000; \/* \u4e0b\u5212\u7ebf\u8d2f\u7a7f\u5de6\u53f3 *\/\n        }\n        .details-table td {\n            padding: 8px 0;\n            vertical-align: top;\n            text-align: left;\n        }\n        .details-table td:first-child {\n            width: 30%; \/* \u5de6\u4fa7\u5217\u5bbd\u5ea6 *\/\n            font-weight: bold;\n        }\n        .details-table td:last-child {\n            width: 70%; \/* \u53f3\u4fa7\u5217\u5bbd\u5ea6 *\/\n        }\n    <\/style>\n<\/head>\n<body>\n    <table class=\"details-table\">\n        <tr>\n            <td>N\u00famero de modelo del art\u00edculo<\/td>\n            <td>KIM-SUA-POW-5L<\/td>\n        <\/tr>\n        <tr>\n            <td>Dimensiones del paquete<\/td>\n            <td>27 x 25 x 13 cm; 5 kg<\/td>\n        <\/tr>\n        <tr>\n            <td>ASIN<\/td>\n            <td>B0FH5BXR5S<\/td>\n        <\/tr>\n    <\/table>\n<\/body>\n<\/html>\t\t\t\t\t\t\t\t<\/div>\n\t\t\t\t<\/div>\n\t\t\t\t\t<\/div>\n\t\t\t\t<\/div>\n\t\t\t\t<\/div>","protected":false},"excerpt":{"rendered":"<p>Kimia Summer Dreams: El detergente que convierte tu ropa en un oasis de verano \u00a0 \u00bfAlguna vez has querido que&#8230;<\/p>","protected":false},"featured_media":13361,"comment_status":"open","ping_status":"closed","template":"","meta":{"_acf_changed":false},"etheme_brands":[],"product_brand":[],"product_cat":[118],"product_tag":[],"class_list":{"0":"post-13358","1":"product","2":"type-product","3":"status-publish","4":"has-post-thumbnail","6":"product_cat-sale-shop","8":"first","9":"instock","10":"sale","11":"shipping-taxable","12":"purchasable","13":"product-type-variable","14":"has-default-attributes","15":"wvs-archive-product-wrapper"},"acf":[],"_links":{"self":[{"href":"https:\/\/easeonline.shop\/es\/wp-json\/wp\/v2\/product\/13358","targetHints":{"allow":["GET"]}}],"collection":[{"href":"https:\/\/easeonline.shop\/es\/wp-json\/wp\/v2\/product"}],"about":[{"href":"https:\/\/easeonline.shop\/es\/wp-json\/wp\/v2\/types\/product"}],"replies":[{"embeddable":true,"href":"https:\/\/easeonline.shop\/es\/wp-json\/wp\/v2\/comments?post=13358"}],"version-history":[{"count":4,"href":"https:\/\/easeonline.shop\/es\/wp-json\/wp\/v2\/product\/13358\/revisions"}],"predecessor-version":[{"id":13382,"href":"https:\/\/easeonline.shop\/es\/wp-json\/wp\/v2\/product\/13358\/revisions\/13382"}],"wp:featuredmedia":[{"embeddable":true,"href":"https:\/\/easeonline.shop\/es\/wp-json\/wp\/v2\/media\/13361"}],"wp:attachment":[{"href":"https:\/\/easeonline.shop\/es\/wp-json\/wp\/v2\/media?parent=13358"}],"wp:term":[{"taxonomy":"brand","embeddable":true,"href":"https:\/\/easeonline.shop\/es\/wp-json\/wp\/v2\/etheme_brands?post=13358"},{"taxonomy":"product_brand","embeddable":true,"href":"https:\/\/easeonline.shop\/es\/wp-json\/wp\/v2\/product_brand?post=13358"},{"taxonomy":"product_cat","embeddable":true,"href":"https:\/\/easeonline.shop\/es\/wp-json\/wp\/v2\/product_cat?post=13358"},{"taxonomy":"product_tag","embeddable":true,"href":"https:\/\/easeonline.shop\/es\/wp-json\/wp\/v2\/product_tag?post=13358"}],"curies":[{"name":"wp","href":"https:\/\/api.w.org\/{rel}","templated":true}]}}